{"id":1851,"date":"2022-10-07T18:02:57","date_gmt":"2022-10-07T18:02:57","guid":{"rendered":"https:\/\/hookahgo.lt\/?page_id=1851"},"modified":"2023-01-17T22:36:51","modified_gmt":"2023-01-17T22:36:51","slug":"jusu-teises-ir-kita-aktuali-informacija","status":"publish","type":"page","link":"https:\/\/hookahgo.lt\/ru\/vashi-prava-i-drugaya-sootvetstvuyushchaya-informatsiya\/","title":{"rendered":"J\u016bs\u0173 teis\u0117s ir kita aktuali informacija"},"content":{"rendered":"<style type=\"text\/css\" data-created_by=\"avia_inline_auto\" id=\"style-css-av-9a8sfv-c728b29c34563fa850b590d88c2dcdab\">\n.avia-section.av-9a8sfv-c728b29c34563fa850b590d88c2dcdab{\nbackground-color:#0a0303;\nbackground-image:url(https:\/\/hookahgo.lt\/wp-content\/uploads\/2022\/08\/rolling-smoke-over-a-black-background-free-video-1030x579.jpg);\nbackground-repeat:no-repeat;\nbackground-position:50% 50%;\nbackground-attachment:scroll;\n}\n.avia-section.av-9a8sfv-c728b29c34563fa850b590d88c2dcdab .av-section-color-overlay{\nopacity:0.7;\nbackground-color:#0a0a0a;\n}\n<\/style>\n<div id='av_section_1'  class='avia-section av-9a8sfv-c728b29c34563fa850b590d88c2dcdab main_color avia-section-no-padding avia-no-border-styling  avia-builder-el-0  el_before_av_section  avia-builder-el-first  avia-full-stretch avia-bg-style-scroll av-section-color-overlay-active av-minimum-height av-minimum-height-custom  container_wrap sidebar_right'  data-section-bg-repeat='stretch'><div class=\"av-section-color-overlay-wrap\"><div class=\"av-section-color-overlay\"><\/div><div class='container av-section-cont-open' style='height:430px'><main  role=\"main\" itemprop=\"mainContentOfPage\"  class='template-page content  av-content-small alpha units'><div class='post-entry post-entry-type-page post-entry-1851'><div class='entry-content-wrapper clearfix'>\n\n<style type=\"text\/css\" data-created_by=\"avia_inline_auto\" id=\"style-css-av-l8ysm8qq-b4e420620d3015fe60cd422a4f101ffd\">\n#top .av-special-heading.av-l8ysm8qq-b4e420620d3015fe60cd422a4f101ffd{\npadding-bottom:40px;\ncolor:#ffffff;\nfont-size:72px;\n}\nbody .av-special-heading.av-l8ysm8qq-b4e420620d3015fe60cd422a4f101ffd .av-special-heading-tag .heading-char{\nfont-size:25px;\n}\n#top #wrap_all .av-special-heading.av-l8ysm8qq-b4e420620d3015fe60cd422a4f101ffd .av-special-heading-tag{\nfont-size:72px;\n}\n.av-special-heading.av-l8ysm8qq-b4e420620d3015fe60cd422a4f101ffd .special-heading-inner-border{\nborder-color:#ffffff;\n}\n.av-special-heading.av-l8ysm8qq-b4e420620d3015fe60cd422a4f101ffd .av-subheading{\nfont-size:20px;\n}\n<\/style>\n<div  class='av-special-heading av-l8ysm8qq-b4e420620d3015fe60cd422a4f101ffd av-special-heading-h1 custom-color-heading blockquote modern-quote modern-centered  avia-builder-el-1  avia-builder-el-no-sibling  av-inherit-size'><h1 class='av-special-heading-tag'  itemprop=\"headline\"  >\u0412\u0410\u0428\u0418 \u041f\u0420\u0410\u0412\u0410 \u0418 \u0414\u0420\u0423\u0413\u0410\u042f \u0421\u041e\u041e\u0422\u0412\u0415\u0422\u0421\u0422\u0412\u0423\u042e\u0429\u0410\u042f \u0418\u041d\u0424\u041e\u0420\u041c\u0410\u0426\u0418\u042f<\/h1><div class=\"special-heading-border\"><div class=\"special-heading-inner-border\"><\/div><\/div><\/div>\n\n<\/div><\/div><\/main><!-- close content main element --><\/div><\/div><\/div>\n<style type=\"text\/css\" data-created_by=\"avia_inline_auto\" id=\"style-css-av-7jymuj-720390351c89e168052daaf24feba5ab\">\n.avia-section.av-7jymuj-720390351c89e168052daaf24feba5ab .av-section-color-overlay{\nopacity:0.7;\nbackground-color:#0a0a0a;\nbackground-image:url(https:\/\/hookahgo.lt\/wp-content\/themes\/enfold\/images\/background-images\/grunge-big-light.png);\nbackground-repeat:repeat;\n}\n<\/style>\n<div id='av_section_2'  class='avia-section av-7jymuj-720390351c89e168052daaf24feba5ab main_color avia-section-default avia-no-border-styling  avia-builder-el-2  el_after_av_section  avia-builder-el-last  avia-bg-style-scroll av-section-color-overlay-active container_wrap sidebar_right'  ><div class=\"av-section-color-overlay-wrap\"><div class=\"av-section-color-overlay\"><\/div><div class='container av-section-cont-open' ><div class='template-page content  av-content-small alpha units'><div class='post-entry post-entry-type-page post-entry-1851'><div class='entry-content-wrapper clearfix'>\n<div class='flex_column av-5h7g4r-5d5b3ae388a6fc78dd219432932a1ee6 av_one_fifth  avia-builder-el-3  el_before_av_three_fifth  avia-builder-el-first  first flex_column_div'   ><\/div><div class='flex_column av-4k63rv-9da903a76c0bfc7c5ca0fac15e5063a6 av_three_fifth  avia-builder-el-4  el_after_av_one_fifth  el_before_av_one_fifth  flex_column_div'   ><section  class='av_textblock_section av-l8yso6c3-cd57b940013ede552831368feca62486'  itemscope=\"itemscope\" itemtype=\"https:\/\/schema.org\/CreativeWork\" ><div class='avia_textblock'  itemprop=\"text\" ><p><strong>\u0412\u044b \u0438\u043c\u0435\u0435\u0442\u0435 \u043f\u0440\u0430\u0432\u043e:<\/strong><\/p>\n<p>\u2022 \u043e\u0431\u0440\u0430\u0449\u0430\u0442\u044c\u0441\u044f \u043a Hookahgo.lt \u0441 \u043f\u0440\u043e\u0441\u044c\u0431\u043e\u0439 \u043f\u0440\u0435\u0434\u043e\u0441\u0442\u0430\u0432\u0438\u0442\u044c \u0438\u043d\u0444\u043e\u0440\u043c\u0430\u0446\u0438\u044e \u043e \u0432\u0430\u0448\u0438\u0445 \u043f\u0435\u0440\u0441\u043e\u043d\u0430\u043b\u044c\u043d\u044b\u0445 \u0434\u0430\u043d\u043d\u044b\u0445, \u043e\u0431\u0440\u0430\u0431\u0430\u0442\u044b\u0432\u0430\u0435\u043c\u044b\u0445 Hookahgo.lt, \u0433\u0434\u0435 \u0438 \u043a\u0430\u043a \u0441\u043e\u0431\u0438\u0440\u0430\u044e\u0442\u0441\u044f \u043f\u0435\u0440\u0441\u043e\u043d\u0430\u043b\u044c\u043d\u044b\u0435 \u0434\u0430\u043d\u043d\u044b\u0435 \u0438 \u043a\u0430\u043a \u0438\u0445 \u043e\u0431\u0440\u0430\u0431\u0430\u0442\u044b\u0432\u0430\u0435\u0442 Hookahgo.lt;<br \/>\n\u2022 \u043e\u0431\u0440\u0430\u0442\u0438\u0442\u044c\u0441\u044f \u0432 Hookahgo.lt \u0441 \u043f\u0440\u043e\u0441\u044c\u0431\u043e\u0439 \u0438\u0441\u043f\u0440\u0430\u0432\u0438\u0442\u044c \u0432\u0430\u0448\u0438 \u043f\u0435\u0440\u0441\u043e\u043d\u0430\u043b\u044c\u043d\u044b\u0435 \u0434\u0430\u043d\u043d\u044b\u0435 \u0438\/\u0438\u043b\u0438 \u043f\u0440\u0435\u043a\u0440\u0430\u0442\u0438\u0442\u044c \u043e\u0431\u0440\u0430\u0431\u043e\u0442\u043a\u0443 \u0442\u0430\u043a\u0438\u0445 \u043f\u0435\u0440\u0441\u043e\u043d\u0430\u043b\u044c\u043d\u044b\u0445 \u0434\u0430\u043d\u043d\u044b\u0445, \u0437\u0430 \u0438\u0441\u043a\u043b\u044e\u0447\u0435\u043d\u0438\u0435\u043c \u0445\u0440\u0430\u043d\u0435\u043d\u0438\u044f, \u0432 \u0441\u043b\u0443\u0447\u0430\u0435, \u0435\u0441\u043b\u0438 \u043f\u043e\u0441\u043b\u0435 \u043e\u0437\u043d\u0430\u043a\u043e\u043c\u043b\u0435\u043d\u0438\u044f \u0441 \u043f\u0435\u0440\u0441\u043e\u043d\u0430\u043b\u044c\u043d\u044b\u043c\u0438 \u0434\u0430\u043d\u043d\u044b\u043c\u0438 \u0432\u044b \u043e\u043f\u0440\u0435\u0434\u0435\u043b\u0438\u0442\u0435, \u0447\u0442\u043e \u0434\u0430\u043d\u043d\u044b\u0435 \u043d\u0435\u0432\u0435\u0440\u043d\u044b, \u043d\u0435\u043f\u043e\u043b\u043d\u044b \u0438\u043b\u0438 \u043d\u0435\u0442\u043e\u0447\u043d\u044b\u043c;<br \/>\n\u2022 \u043e\u0431\u0440\u0430\u0442\u0438\u0442\u044c\u0441\u044f \u043a Hookahgo.lt \u0441 \u043f\u0440\u043e\u0441\u044c\u0431\u043e\u0439 \u0443\u043d\u0438\u0447\u0442\u043e\u0436\u0438\u0442\u044c \u043f\u0435\u0440\u0441\u043e\u043d\u0430\u043b\u044c\u043d\u044b\u0435 \u0434\u0430\u043d\u043d\u044b\u0435 \u0438\u043b\u0438 \u043f\u0440\u0435\u043a\u0440\u0430\u0442\u0438\u0442\u044c \u043e\u0431\u0440\u0430\u0431\u043e\u0442\u043a\u0443 \u0442\u0430\u043a\u0438\u0445 \u043f\u0435\u0440\u0441\u043e\u043d\u0430\u043b\u044c\u043d\u044b\u0445 \u0434\u0430\u043d\u043d\u044b\u0445, \u0437\u0430 \u0438\u0441\u043a\u043b\u044e\u0447\u0435\u043d\u0438\u0435\u043c \u0445\u0440\u0430\u043d\u0435\u043d\u0438\u044f, \u0432 \u0441\u043b\u0443\u0447\u0430\u0435, \u0435\u0441\u043b\u0438 \u043f\u043e\u0441\u043b\u0435 \u043e\u0437\u043d\u0430\u043a\u043e\u043c\u043b\u0435\u043d\u0438\u044f \u0441\u043e \u0441\u0432\u043e\u0438\u043c\u0438 \u043f\u0435\u0440\u0441\u043e\u043d\u0430\u043b\u044c\u043d\u044b\u043c\u0438 \u0434\u0430\u043d\u043d\u044b\u043c\u0438 \u0432\u044b \u043e\u043f\u0440\u0435\u0434\u0435\u043b\u0438\u0442\u0435, \u0447\u0442\u043e \u043f\u0435\u0440\u0441\u043e\u043d\u0430\u043b\u044c\u043d\u044b\u0435 \u0434\u0430\u043d\u043d\u044b\u0435 \u043e\u0431\u0440\u0430\u0431\u0430\u0442\u044b\u0432\u0430\u044e\u0442\u0441\u044f \u043d\u0435\u0437\u0430\u043a\u043e\u043d\u043d\u043e \u0438\u043b\u0438 \u043d\u0435\u0434\u043e\u0431\u0440\u043e\u0441\u043e\u0432\u0435\u0441\u0442\u043d\u043e, \u0438\u0437\u0431\u044b\u0442\u043e\u0447\u043d\u043e \u043e\u0431\u0440\u0430\u0431\u0430\u0442\u044b\u0432\u0430\u044e\u0442\u0441\u044f \u043f\u0435\u0440\u0441\u043e\u043d\u0430\u043b\u044c\u043d\u044b\u0435 \u0434\u0430\u043d\u043d\u044b\u0435 \u0438\u043b\u0438 \u0438\u043c\u0435\u044e\u0442\u0441\u044f \u0438\u043d\u044b\u0435 \u043e\u0441\u043d\u043e\u0432\u0430\u043d\u0438\u044f, \u0443\u0441\u0442\u0430\u043d\u043e\u0432\u043b\u0435\u043d\u043d\u044b\u0435 \u043f\u0440\u0430\u0432\u043e\u0432\u044b\u043c\u0438 \u0430\u043a\u0442\u0430\u043c\u0438;<br \/>\n\u2022 \u043d\u0435 \u0434\u0430\u0432\u0430\u0442\u044c \u0441\u043e\u0433\u043b\u0430\u0441\u0438\u044f \u043d\u0430 \u043e\u0431\u0440\u0430\u0431\u043e\u0442\u043a\u0443 \u0432\u0430\u0448\u0438\u0445 \u043b\u0438\u0447\u043d\u044b\u0445 \u0434\u0430\u043d\u043d\u044b\u0445, \u043a\u043e\u0433\u0434\u0430 \u044d\u0442\u0438 \u0434\u0430\u043d\u043d\u044b\u0435 \u043e\u0431\u0440\u0430\u0431\u0430\u0442\u044b\u0432\u0430\u044e\u0442\u0441\u044f \u0438\u043b\u0438 \u043f\u0440\u0435\u0434\u043d\u0430\u0437\u043d\u0430\u0447\u0435\u043d\u044b \u0434\u043b\u044f \u043e\u0431\u0440\u0430\u0431\u043e\u0442\u043a\u0438 \u0432 \u0446\u0435\u043b\u044f\u0445 \u043f\u0440\u044f\u043c\u043e\u0433\u043e \u043c\u0430\u0440\u043a\u0435\u0442\u0438\u043d\u0433\u0430 \u0438\u043b\u0438 \u0432 \u0441\u0432\u044f\u0437\u0438 \u0441 \u0437\u0430\u043a\u043e\u043d\u043d\u044b\u043c \u0438\u043d\u0442\u0435\u0440\u0435\u0441\u043e\u043c, \u043f\u0440\u0435\u0441\u043b\u0435\u0434\u0443\u0435\u043c\u044b\u043c Hookahgo.lt \u0438\u043b\u0438 \u0442\u0440\u0435\u0442\u044c\u0435\u0439 \u0441\u0442\u043e\u0440\u043e\u043d\u043e\u0439, \u043a\u043e\u0442\u043e\u0440\u043e\u0439 \u043f\u0440\u0435\u0434\u043e\u0441\u0442\u0430\u0432\u043b\u044f\u044e\u0442\u0441\u044f \u043b\u0438\u0447\u043d\u044b\u0435 \u0434\u0430\u043d\u043d\u044b\u0435.<br \/>\n\u2022 \u0432 \u0441\u0442\u0440\u0443\u043a\u0442\u0443\u0440\u0438\u0440\u043e\u0432\u0430\u043d\u043d\u043e\u043c, \u0448\u0438\u0440\u043e\u043a\u043e \u0438\u0441\u043f\u043e\u043b\u044c\u0437\u0443\u0435\u043c\u043e\u043c \u0438 \u043c\u0430\u0448\u0438\u043d\u043e\u0447\u0438\u0442\u0430\u0435\u043c\u043e\u043c \u0444\u043e\u0440\u043c\u0430\u0442\u0435 \u043f\u043e\u043b\u0443\u0447\u0430\u0442\u044c \u0441\u0432\u044f\u0437\u0430\u043d\u043d\u044b\u0435 \u0441 \u0432\u0430\u043c\u0438 \u043b\u0438\u0447\u043d\u044b\u0435 \u0434\u0430\u043d\u043d\u044b\u0435, \u043a\u043e\u0442\u043e\u0440\u044b\u0435 \u0432\u044b \u043f\u0440\u0435\u0434\u043e\u0441\u0442\u0430\u0432\u0438\u043b\u0438 Hookahgo.lt, \u0438 \u043f\u0435\u0440\u0435\u0434\u0430\u0432\u0430\u0442\u044c \u044d\u0442\u0438 \u0434\u0430\u043d\u043d\u044b\u0435 \u0434\u0440\u0443\u0433\u043e\u043c\u0443 \u043a\u043e\u043d\u0442\u0440\u043e\u043b\u043b\u0435\u0440\u0443 \u0434\u0430\u043d\u043d\u044b\u0445, \u0438\u043b\u0438 \u0442\u0440\u0435\u0431\u043e\u0432\u0430\u0442\u044c \u043e\u0442 Hookahgo.lt \u043f\u0440\u044f\u043c\u043e\u0439 \u043f\u0435\u0440\u0435\u0434\u0430\u0447\u0438 \u0442\u0430\u043a\u0438\u0445 \u043b\u0438\u0447\u043d\u044b\u0445 \u0434\u0430\u043d\u043d\u044b\u0445 \u0434\u0440\u0443\u0433\u043e\u043c\u0443 \u043b\u0438\u0446\u0443 \u043a\u043e\u043d\u0442\u0440\u043e\u043b\u043b\u0435\u0440, \u043a\u043e\u0433\u0434\u0430 \u044d\u0442\u043e \u0442\u0435\u0445\u043d\u0438\u0447\u0435\u0441\u043a\u0438 \u0432\u043e\u0437\u043c\u043e\u0436\u043d\u043e (\u043f\u0440\u0430\u0432\u043e \u043d\u0430 \u043f\u0435\u0440\u0435\u043d\u043e\u0441\u0438\u043c\u043e\u0441\u0442\u044c \u0434\u0430\u043d\u043d\u044b\u0445).<\/p>\n<p>\u041f\u043e \u043f\u043e\u0432\u043e\u0434\u0443 \u043e\u0441\u0443\u0449\u0435\u0441\u0442\u0432\u043b\u0435\u043d\u0438\u044f \u0432\u0430\u0448\u0438\u0445 \u043f\u0440\u0430\u0432 \u0438\u043b\u0438 \u0436\u0430\u043b\u043e\u0431 \u0432\u044b \u043c\u043e\u0436\u0435\u0442\u0435 \u0441\u0432\u044f\u0437\u0430\u0442\u044c\u0441\u044f \u0441 \u043f\u0440\u0435\u0434\u0441\u0442\u0430\u0432\u0438\u0442\u0435\u043b\u0435\u043c Hookahgo.ltt \u043f\u043e \u044d\u043b\u0435\u043a\u0442\u0440\u043e\u043d\u043d\u043e\u0439 \u043f\u043e\u0447\u0442\u0435 info@hookahgo.lt \u0438\u043b\u0438 \u0437\u0430\u043a\u0430\u0437\u043d\u044b\u043c \u043f\u0438\u0441\u044c\u043c\u043e\u043c \u043f\u043e \u0430\u0434\u0440\u0435\u0441\u0443 Architekt\u0173 87-50 Vilnius. \u0412\u044b \u0442\u0430\u043a\u0436\u0435 \u043c\u043e\u0436\u0435\u0442\u0435 \u043e\u0431\u0440\u0430\u0442\u0438\u0442\u044c\u0441\u044f \u0432 \u0413\u043e\u0441\u0443\u0434\u0430\u0440\u0441\u0442\u0432\u0435\u043d\u043d\u0443\u044e \u0438\u043d\u0441\u043f\u0435\u043a\u0446\u0438\u044e \u043f\u043e \u0437\u0430\u0449\u0438\u0442\u0435 \u0434\u0430\u043d\u043d\u044b\u0445, \u043d\u043e \u043c\u044b \u0432\u0441\u0435\u0433\u0434\u0430 \u043f\u043e\u0441\u0442\u0430\u0440\u0430\u0435\u043c\u0441\u044f \u0440\u0435\u0448\u0438\u0442\u044c \u0432\u0441\u0435 \u0432\u043e\u043f\u0440\u043e\u0441\u044b \u043d\u0430\u043f\u0440\u044f\u043c\u0443\u044e \u0441 \u0432\u0430\u043c\u0438.<\/p>\n<\/div><\/section><\/div><div class='flex_column av-39z2y3-cb0c7064d62e8327b2e3deb99747ed24 av_one_fifth  avia-builder-el-6  el_after_av_three_fifth  avia-builder-el-last  flex_column_div'   ><\/div><\/div><\/div><\/div><!-- close content main div --><\/div><\/div><\/div><div id='after_section_2'  class='main_color av_default_container_wrap container_wrap sidebar_right'  ><div class='container av-section-cont-open' ><div class='template-page content  av-content-small alpha units'><div class='post-entry post-entry-type-page post-entry-1851'><div class='entry-content-wrapper clearfix'>","protected":false},"excerpt":{"rendered":"","protected":false},"author":1,"featured_media":0,"parent":0,"menu_order":0,"comment_status":"closed","ping_status":"closed","template":"","meta":[],"_links":{"self":[{"href":"https:\/\/hookahgo.lt\/ru\/wp-json\/wp\/v2\/pages\/1851"}],"collection":[{"href":"https:\/\/hookahgo.lt\/ru\/wp-json\/wp\/v2\/pages"}],"about":[{"href":"https:\/\/hookahgo.lt\/ru\/wp-json\/wp\/v2\/types\/page"}],"author":[{"embeddable":true,"href":"https:\/\/hookahgo.lt\/ru\/wp-json\/wp\/v2\/users\/1"}],"replies":[{"embeddable":true,"href":"https:\/\/hookahgo.lt\/ru\/wp-json\/wp\/v2\/comments?post=1851"}],"version-history":[{"count":3,"href":"https:\/\/hookahgo.lt\/ru\/wp-json\/wp\/v2\/pages\/1851\/revisions"}],"predecessor-version":[{"id":2084,"href":"https:\/\/hookahgo.lt\/ru\/wp-json\/wp\/v2\/pages\/1851\/revisions\/2084"}],"wp:attachment":[{"href":"https:\/\/hookahgo.lt\/ru\/wp-json\/wp\/v2\/media?parent=1851"}],"curies":[{"name":"wp","href":"https:\/\/api.w.org\/{rel}","templated":true}]}}