{"id":1851,"date":"2022-10-07T18:02:57","date_gmt":"2022-10-07T18:02:57","guid":{"rendered":"https:\/\/hookahgo.lt\/?page_id=1851"},"modified":"2023-01-17T22:36:51","modified_gmt":"2023-01-17T22:36:51","slug":"jusu-teises-ir-kita-aktuali-informacija","status":"publish","type":"page","link":"https:\/\/hookahgo.lt\/en\/your-rights-and-other-relevant-information\/","title":{"rendered":"J\u016bs\u0173 teis\u0117s ir kita aktuali informacija"},"content":{"rendered":"<style type=\"text\/css\" data-created_by=\"avia_inline_auto\" id=\"style-css-av-9a8sfv-c728b29c34563fa850b590d88c2dcdab\">\n.avia-section.av-9a8sfv-c728b29c34563fa850b590d88c2dcdab{\nbackground-color:#0a0303;\nbackground-image:url(https:\/\/hookahgo.lt\/wp-content\/uploads\/2022\/08\/rolling-smoke-over-a-black-background-free-video-1030x579.jpg);\nbackground-repeat:no-repeat;\nbackground-position:50% 50%;\nbackground-attachment:scroll;\n}\n.avia-section.av-9a8sfv-c728b29c34563fa850b590d88c2dcdab .av-section-color-overlay{\nopacity:0.7;\nbackground-color:#0a0a0a;\n}\n<\/style>\n<div id='av_section_1'  class='avia-section av-9a8sfv-c728b29c34563fa850b590d88c2dcdab main_color avia-section-no-padding avia-no-border-styling  avia-builder-el-0  el_before_av_section  avia-builder-el-first  avia-full-stretch avia-bg-style-scroll av-section-color-overlay-active av-minimum-height av-minimum-height-custom  container_wrap sidebar_right'  data-section-bg-repeat='stretch'><div class=\"av-section-color-overlay-wrap\"><div class=\"av-section-color-overlay\"><\/div><div class='container av-section-cont-open' style='height:430px'><main  role=\"main\" itemprop=\"mainContentOfPage\"  class='template-page content  av-content-small alpha units'><div class='post-entry post-entry-type-page post-entry-1851'><div class='entry-content-wrapper clearfix'>\n\n<style type=\"text\/css\" data-created_by=\"avia_inline_auto\" id=\"style-css-av-l8ysm8qq-b4e420620d3015fe60cd422a4f101ffd\">\n#top .av-special-heading.av-l8ysm8qq-b4e420620d3015fe60cd422a4f101ffd{\npadding-bottom:40px;\ncolor:#ffffff;\nfont-size:72px;\n}\nbody .av-special-heading.av-l8ysm8qq-b4e420620d3015fe60cd422a4f101ffd .av-special-heading-tag .heading-char{\nfont-size:25px;\n}\n#top #wrap_all .av-special-heading.av-l8ysm8qq-b4e420620d3015fe60cd422a4f101ffd .av-special-heading-tag{\nfont-size:72px;\n}\n.av-special-heading.av-l8ysm8qq-b4e420620d3015fe60cd422a4f101ffd .special-heading-inner-border{\nborder-color:#ffffff;\n}\n.av-special-heading.av-l8ysm8qq-b4e420620d3015fe60cd422a4f101ffd .av-subheading{\nfont-size:20px;\n}\n<\/style>\n<div  class='av-special-heading av-l8ysm8qq-b4e420620d3015fe60cd422a4f101ffd av-special-heading-h1 custom-color-heading blockquote modern-quote modern-centered  avia-builder-el-1  avia-builder-el-no-sibling  av-inherit-size'><h1 class='av-special-heading-tag'  itemprop=\"headline\"  >YOUR RIGHTS AND OTHER RELEVANT INFORMATION<\/h1><div class=\"special-heading-border\"><div class=\"special-heading-inner-border\"><\/div><\/div><\/div>\n\n<\/div><\/div><\/main><!-- close content main element --><\/div><\/div><\/div>\n<style type=\"text\/css\" data-created_by=\"avia_inline_auto\" id=\"style-css-av-7jymuj-720390351c89e168052daaf24feba5ab\">\n.avia-section.av-7jymuj-720390351c89e168052daaf24feba5ab .av-section-color-overlay{\nopacity:0.7;\nbackground-color:#0a0a0a;\nbackground-image:url(https:\/\/hookahgo.lt\/wp-content\/themes\/enfold\/images\/background-images\/grunge-big-light.png);\nbackground-repeat:repeat;\n}\n<\/style>\n<div id='av_section_2'  class='avia-section av-7jymuj-720390351c89e168052daaf24feba5ab main_color avia-section-default avia-no-border-styling  avia-builder-el-2  el_after_av_section  avia-builder-el-last  avia-bg-style-scroll av-section-color-overlay-active container_wrap sidebar_right'  ><div class=\"av-section-color-overlay-wrap\"><div class=\"av-section-color-overlay\"><\/div><div class='container av-section-cont-open' ><div class='template-page content  av-content-small alpha units'><div class='post-entry post-entry-type-page post-entry-1851'><div class='entry-content-wrapper clearfix'>\n<div class='flex_column av-5h7g4r-5d5b3ae388a6fc78dd219432932a1ee6 av_one_fifth  avia-builder-el-3  el_before_av_three_fifth  avia-builder-el-first  first flex_column_div'   ><\/div><div class='flex_column av-4k63rv-9da903a76c0bfc7c5ca0fac15e5063a6 av_three_fifth  avia-builder-el-4  el_after_av_one_fifth  el_before_av_one_fifth  flex_column_div'   ><section  class='av_textblock_section av-l8yso6c3-cd57b940013ede552831368feca62486'  itemscope=\"itemscope\" itemtype=\"https:\/\/schema.org\/CreativeWork\" ><div class='avia_textblock'  itemprop=\"text\" ><p><strong>You have the right to:<\/strong><\/p>\n<p>\u2022 apply to Hookahgo.lt with a request to provide information about your personal data processed by Hookahgo.lt, where and how personal data is collected and how Hookahgo.lt processes it;<br \/>\n\u2022 apply to Hookahgo.lt with a request to correct your personal data and\/or stop the processing of such personal data, with the exception of storage, in the event that after reviewing the personal data, you determine that the data is incorrect, incomplete or inaccurate;<br \/>\n\u2022 apply to Hookahgo.lt with a request to destroy personal data or stop the processing of such personal data, with the exception of storage, in the event that after familiarizing yourself with your personal data, you determine that personal data is being processed illegally or dishonestly, redundant personal data is being processed or there are other bases established in legal acts;<br \/>\n\u2022 do not consent to the processing of your personal data, when these data are processed or intended to be processed for direct marketing purposes, or due to a legitimate interest pursued by Hookahgo.lt or a third party to whom personal data is provided.<br \/>\n\u2022 in a structured, commonly used and computer-readable format, receive personal data related to you that you have provided to Hookahgo.lt and forward this data to another data controller, or require Hookahgo.lt to directly forward such personal data to another data controller, when this is technically possible ( the right to data portability).<\/p>\n<p>Regarding the exercise of your rights or complaints, you can contact the representative of Hookahgo.ltt by e-mail info@hookahgo.lt or by registered mail to the address Architekt\u0173 87-50 Vilnius. You can also contact the State Data Protection Inspectorate, but we will always try to resolve all issues directly with you.<\/p>\n<\/div><\/section><\/div><div class='flex_column av-39z2y3-cb0c7064d62e8327b2e3deb99747ed24 av_one_fifth  avia-builder-el-6  el_after_av_three_fifth  avia-builder-el-last  flex_column_div'   ><\/div><\/div><\/div><\/div><!-- close content main div --><\/div><\/div><\/div><div id='after_section_2'  class='main_color av_default_container_wrap container_wrap sidebar_right'  ><div class='container av-section-cont-open' ><div class='template-page content  av-content-small alpha units'><div class='post-entry post-entry-type-page post-entry-1851'><div class='entry-content-wrapper clearfix'>","protected":false},"excerpt":{"rendered":"","protected":false},"author":1,"featured_media":0,"parent":0,"menu_order":0,"comment_status":"closed","ping_status":"closed","template":"","meta":[],"_links":{"self":[{"href":"https:\/\/hookahgo.lt\/en\/wp-json\/wp\/v2\/pages\/1851"}],"collection":[{"href":"https:\/\/hookahgo.lt\/en\/wp-json\/wp\/v2\/pages"}],"about":[{"href":"https:\/\/hookahgo.lt\/en\/wp-json\/wp\/v2\/types\/page"}],"author":[{"embeddable":true,"href":"https:\/\/hookahgo.lt\/en\/wp-json\/wp\/v2\/users\/1"}],"replies":[{"embeddable":true,"href":"https:\/\/hookahgo.lt\/en\/wp-json\/wp\/v2\/comments?post=1851"}],"version-history":[{"count":3,"href":"https:\/\/hookahgo.lt\/en\/wp-json\/wp\/v2\/pages\/1851\/revisions"}],"predecessor-version":[{"id":2084,"href":"https:\/\/hookahgo.lt\/en\/wp-json\/wp\/v2\/pages\/1851\/revisions\/2084"}],"wp:attachment":[{"href":"https:\/\/hookahgo.lt\/en\/wp-json\/wp\/v2\/media?parent=1851"}],"curies":[{"name":"wp","href":"https:\/\/api.w.org\/{rel}","templated":true}]}}